{"id":1336,"date":"2024-09-23T14:42:56","date_gmt":"2024-09-23T12:42:56","guid":{"rendered":"https:\/\/www.starejsiadjnasvadbu.sk\/?page_id=1336"},"modified":"2026-01-21T22:02:30","modified_gmt":"2026-01-21T21:02:30","slug":"ochrana-osobnych-udajov","status":"publish","type":"page","link":"https:\/\/www.starejsiadjnasvadbu.sk\/?page_id=1336","title":{"rendered":"Z\u00e1sady spracovania &#038; ochrany osobn\u00fdch \u00fadajov"},"content":{"rendered":"\n<p><strong>Posledn\u00e1 aktualiz\u00e1cia 20. janu\u00e1ra 2026<\/strong><\/p>\n\n\n\n<p class=\"has-text-align-center\"><strong>V\u00e1\u017een\u00ed z\u00e1kazn\u00edci, v\u00e1\u017eime si Va\u0161e s\u00fakromie a preto sa riadime ustanoven\u00edm z\u00e1sad pre spracovanie a ochranu osobn\u00fdch \u00fadajov pod\u013ea nariadenia eur\u00f3pskeho parlamentu. Tieto z\u00e1sady ochrany osobn\u00fdch \u00fadajov popisuj\u00fa z\u00e1sady spolo\u010dnosti TESSOUND, s.r.o. Stani\u010dn\u00e1 607\/39, 956 31 Kru\u0161ovce, I\u010cO: 47 996 331, DI\u010c: 2024172161 o zhroma\u017e\u010fovan\u00ed, pou\u017e\u00edvan\u00ed a zverej\u0148ovan\u00ed Va\u0161ich inform\u00e1cii (tzv. cookies), ktor\u00e9 m\u00f4\u017eeme ale takisto aj nemus\u00edme zhroma\u017e\u010fova\u0165 pri pou\u017e\u00edvan\u00ed tejto webovej str\u00e1nky za \u00fa\u010delom Va\u0161ej n\u00e1v\u0161tevnosti, resp. dopytu \/ objedn\u00e1vky na\u0161ich slu\u017eieb (\u010falej len \u201eslu\u017eba\u201c). Pr\u00edstupom k slu\u017ebe a s jej pou\u017e\u00edvan\u00edm vyjadrujete s\u00fahlas so zhroma\u017e\u010fovan\u00edm, pou\u017e\u00edvan\u00edm a zverej\u0148ovan\u00edm va\u0161ich inform\u00e1ci\u00ed v s\u00falade s t\u00fdmito z\u00e1sadami ochrany osobn\u00fdch \u00fadajov.<\/strong><\/p>\n\n\n\n<p class=\"has-text-align-center\"><strong>Ak s t\u00fdm nes\u00fahlas\u00edte, nepristupujte k tejto Slu\u017ebe ani ju nepou\u017e\u00edvajte.<\/strong><\/p>\n\n\n\n<p class=\"has-text-align-center\"><strong>Tieto Z\u00e1sady ochrany osobn\u00fdch \u00fadajov m\u00f4\u017eeme kedyko\u013evek zmeni\u0165 bez predch\u00e1dzaj\u00faceho upozornenia a revidovan\u00e9 Z\u00e1sady ochrany osobn\u00fdch \u00fadajov zverejn\u00edme v Slu\u017ebe. Revidovan\u00e9 Z\u00e1sady nadobudn\u00fa \u00fa\u010dinnos\u0165 180 dn\u00ed od zverejnenia revidovan\u00fdch Z\u00e1sad v Slu\u017ebe a v\u00e1\u0161 \u010fal\u0161\u00ed pr\u00edstup k Slu\u017ebe alebo jej pou\u017e\u00edvanie po tomto \u010dase bude predstavova\u0165 v\u00e1\u0161 s\u00fahlas s revidovan\u00fdmi Z\u00e1sadami ochrany osobn\u00fdch \u00fadajov. Preto v\u00e1m odpor\u00fa\u010dame, aby ste t\u00fato str\u00e1nku pravidelne kontrolovali.<\/strong><\/p>\n\n\n\n<p class=\"has-text-align-center\"><strong>Bezpe\u010dnos\u0165 va\u0161ich inform\u00e1ci\u00ed je pre n\u00e1s d\u00f4le\u017eit\u00e1 a budeme pou\u017e\u00edva\u0165 primeran\u00e9 bezpe\u010dnostn\u00e9 opatrenia, aby sme zabr\u00e1nili strate, zneu\u017eitiu alebo neopr\u00e1vnenej zmene va\u0161ich inform\u00e1ci\u00ed, ktor\u00e9 m\u00e1me pod kontrolou. Vzh\u013eadom na prirodzen\u00e9 rizik\u00e1 v\u0161ak nem\u00f4\u017eeme zaru\u010di\u0165 absol\u00fatnu bezpe\u010dnos\u0165, a preto nem\u00f4\u017eeme zaisti\u0165 ani zaru\u010di\u0165 bezpe\u010dnos\u0165 ak\u00fdchko\u013evek inform\u00e1ci\u00ed, ktor\u00e9 n\u00e1m odovzd\u00e1te, a rob\u00edte tak na vlastn\u00e9 riziko.<\/strong>&nbsp;<strong>Ak chceme va\u0161e inform\u00e1cie pou\u017ei\u0165 na ak\u00fdko\u013evek in\u00fd \u00fa\u010del, po\u017eiadame v\u00e1s o s\u00fahlas a va\u0161e inform\u00e1cie pou\u017eijeme a\u017e po z\u00edskan\u00ed v\u00e1\u0161ho s\u00fahlasu, a potom len na \u00fa\u010del(-y), na ktor\u00fd(-\u00e9) n\u00e1m udel\u00edte s\u00fahlas, pokia\u013e n\u00e1m z\u00e1kon neuklad\u00e1 in\u00fa pov<\/strong>innos\u0165.&nbsp;<strong>Na\u0161e slu\u017eby neobsahuj\u00fa \u017eiadne odkazy na in\u00e9 webov\u00e9 str\u00e1nky, ktor\u00e9 nie s\u00fa prev\u00e1dzkovan\u00e9 nami. Tieto z\u00e1sady ochrany osobn\u00fdch \u00fadajov sa nezaoberaj\u00fa z\u00e1sadami ochrany osobn\u00fdch \u00fadajov a in\u00fdmi postupmi tret\u00edch str\u00e1n vr\u00e1tane akejko\u013evek tretej strany prev\u00e1dzkuj\u00facej ak\u00fako\u013evek webov\u00fa str\u00e1nku alebo slu\u017ebu. Nem\u00e1me \u017eiadnu kontrolu nad obsahom, z\u00e1sadami ochrany osobn\u00fdch \u00fadajov alebo postupmi ak\u00fdchko\u013evek webov\u00fdch lokal\u00edt alebo slu\u017eieb tret\u00edch str\u00e1n a nenesieme za ne \u017eiadnu zodpovednos\u0165.<\/strong><\/p>\n","protected":false},"excerpt":{"rendered":"<div class=\"mh-excerpt\"><p>Posledn\u00e1 aktualiz\u00e1cia 20. janu\u00e1ra 2026 V\u00e1\u017een\u00ed z\u00e1kazn\u00edci, v\u00e1\u017eime si Va\u0161e s\u00fakromie a preto sa riadime ustanoven\u00edm z\u00e1sad pre spracovanie a ochranu osobn\u00fdch \u00fadajov pod\u013ea nariadenia <a class=\"mh-excerpt-more\" href=\"https:\/\/www.starejsiadjnasvadbu.sk\/?page_id=1336\" title=\"Z\u00e1sady spracovania &#038; ochrany osobn\u00fdch \u00fadajov\">[&#8230;]<\/a><\/p>\n<\/div>","protected":false},"author":1,"featured_media":0,"parent":0,"menu_order":0,"comment_status":"closed","ping_status":"closed","template":"","meta":{"_monsterinsights_skip_tracking":false,"_monsterinsights_sitenote_active":false,"_monsterinsights_sitenote_note":"","_monsterinsights_sitenote_category":0,"footnotes":""},"class_list":["post-1336","page","type-page","status-publish","hentry"],"_links":{"self":[{"href":"https:\/\/www.starejsiadjnasvadbu.sk\/index.php?rest_route=\/wp\/v2\/pages\/1336","targetHints":{"allow":["GET"]}}],"collection":[{"href":"https:\/\/www.starejsiadjnasvadbu.sk\/index.php?rest_route=\/wp\/v2\/pages"}],"about":[{"href":"https:\/\/www.starejsiadjnasvadbu.sk\/index.php?rest_route=\/wp\/v2\/types\/page"}],"author":[{"embeddable":true,"href":"https:\/\/www.starejsiadjnasvadbu.sk\/index.php?rest_route=\/wp\/v2\/users\/1"}],"replies":[{"embeddable":true,"href":"https:\/\/www.starejsiadjnasvadbu.sk\/index.php?rest_route=%2Fwp%2Fv2%2Fcomments&post=1336"}],"version-history":[{"count":6,"href":"https:\/\/www.starejsiadjnasvadbu.sk\/index.php?rest_route=\/wp\/v2\/pages\/1336\/revisions"}],"predecessor-version":[{"id":1407,"href":"https:\/\/www.starejsiadjnasvadbu.sk\/index.php?rest_route=\/wp\/v2\/pages\/1336\/revisions\/1407"}],"wp:attachment":[{"href":"https:\/\/www.starejsiadjnasvadbu.sk\/index.php?rest_route=%2Fwp%2Fv2%2Fmedia&parent=1336"}],"curies":[{"name":"wp","href":"https:\/\/api.w.org\/{rel}","templated":true}]}}