{"id":30,"date":"2019-11-02T15:32:21","date_gmt":"2019-11-02T14:32:21","guid":{"rendered":"https:\/\/www.starejsiadjnasvadbu.sk\/?page_id=30"},"modified":"2026-01-21T21:40:23","modified_gmt":"2026-01-21T20:40:23","slug":"kompletne-vedenie-svadobnej-slavnosti","status":"publish","type":"page","link":"https:\/\/www.starejsiadjnasvadbu.sk\/","title":{"rendered":"Kompletn\u00e9 vedenie svadobnej sl\u00e1vnosti&#8230;"},"content":{"rendered":"\n<p class=\"has-text-align-center has-white-color has-vivid-red-background-color has-text-color has-background\" style=\"font-size:27px\"><strong>V\u0160ETKO NA JEDNOM MIESTE BEZ ZBYTO\u010cN\u00ddCH STAROST\u00cd !!!<\/strong><\/p>\n\n\n\n<p class=\"has-text-align-center has-black-color has-vivid-green-cyan-background-color has-text-color has-background\" style=\"font-size:28px\"><strong>CUKROV\u00c1 VATA (alebo POPCORN) \u00daPLNE ZADARMO !!! <\/strong><\/p>\n\n\n\n<p class=\"has-text-align-center has-black-color has-pale-cyan-blue-background-color has-text-color has-background\" style=\"font-size:28px\"><strong>SVADOBN\u00dd TANEC V OBLAKOCH ZADARMO !!!<\/strong><\/p>\n\n\n\n<p class=\"has-text-align-center has-black-color has-luminous-vivid-amber-background-color has-text-color has-background\" style=\"font-size:32px\"><strong>BUBLINKOV\u00c1 SHOW ZADARMO !!!<\/strong><\/p>\n\n\n\n<p class=\"has-text-align-center has-medium-font-size\"><strong>Va\u0161ou \u00fa\u010das\u0165ou a pou\u017e\u00edvan\u00edm tejto webovej str\u00e1nky vyjadrujete s\u00fahlas so zhroma\u017e\u010fovan\u00edm, pou\u017e\u00edvan\u00edm a zverej\u0148ovan\u00edm Va\u0161ich inform\u00e1ci\u00ed potrebn\u00fdch za \u00fa\u010delom marketingu a objedn\u00e1vky v s\u00falade so z\u00e1sadami ochrany osobn\u00fdch \u00fadajov.<\/strong><\/p>\n","protected":false},"excerpt":{"rendered":"<div class=\"mh-excerpt\"><p>V\u0160ETKO NA JEDNOM MIESTE BEZ ZBYTO\u010cN\u00ddCH STAROST\u00cd !!! CUKROV\u00c1 VATA (alebo POPCORN) \u00daPLNE ZADARMO !!! SVADOBN\u00dd TANEC V OBLAKOCH ZADARMO !!! BUBLINKOV\u00c1 SHOW ZADARMO !!! <a class=\"mh-excerpt-more\" href=\"https:\/\/www.starejsiadjnasvadbu.sk\/\" title=\"Kompletn\u00e9 vedenie svadobnej sl\u00e1vnosti&#8230;\">[&#8230;]<\/a><\/p>\n<\/div>","protected":false},"author":1,"featured_media":145,"parent":0,"menu_order":0,"comment_status":"closed","ping_status":"closed","template":"","meta":{"_monsterinsights_skip_tracking":false,"_monsterinsights_sitenote_active":false,"_monsterinsights_sitenote_note":"","_monsterinsights_sitenote_category":0,"footnotes":""},"class_list":["post-30","page","type-page","status-publish","has-post-thumbnail","hentry"],"_links":{"self":[{"href":"https:\/\/www.starejsiadjnasvadbu.sk\/index.php?rest_route=\/wp\/v2\/pages\/30","targetHints":{"allow":["GET"]}}],"collection":[{"href":"https:\/\/www.starejsiadjnasvadbu.sk\/index.php?rest_route=\/wp\/v2\/pages"}],"about":[{"href":"https:\/\/www.starejsiadjnasvadbu.sk\/index.php?rest_route=\/wp\/v2\/types\/page"}],"author":[{"embeddable":true,"href":"https:\/\/www.starejsiadjnasvadbu.sk\/index.php?rest_route=\/wp\/v2\/users\/1"}],"replies":[{"embeddable":true,"href":"https:\/\/www.starejsiadjnasvadbu.sk\/index.php?rest_route=%2Fwp%2Fv2%2Fcomments&post=30"}],"version-history":[{"count":5,"href":"https:\/\/www.starejsiadjnasvadbu.sk\/index.php?rest_route=\/wp\/v2\/pages\/30\/revisions"}],"predecessor-version":[{"id":1392,"href":"https:\/\/www.starejsiadjnasvadbu.sk\/index.php?rest_route=\/wp\/v2\/pages\/30\/revisions\/1392"}],"wp:featuredmedia":[{"embeddable":true,"href":"https:\/\/www.starejsiadjnasvadbu.sk\/index.php?rest_route=\/wp\/v2\/media\/145"}],"wp:attachment":[{"href":"https:\/\/www.starejsiadjnasvadbu.sk\/index.php?rest_route=%2Fwp%2Fv2%2Fmedia&parent=30"}],"curies":[{"name":"wp","href":"https:\/\/api.w.org\/{rel}","templated":true}]}}