{"id":54,"date":"2019-11-10T11:34:17","date_gmt":"2019-11-10T10:34:17","guid":{"rendered":"https:\/\/www.starejsiadjnasvadbu.sk\/?page_id=54"},"modified":"2021-11-04T14:52:34","modified_gmt":"2021-11-04T13:52:34","slug":"galeria","status":"publish","type":"page","link":"https:\/\/www.starejsiadjnasvadbu.sk\/?page_id=54","title":{"rendered":"Gal\u00e9ria"},"content":{"rendered":"\n<figure class=\"wp-block-gallery columns-3 is-cropped wp-block-gallery-1 is-layout-flex wp-block-gallery-is-layout-flex\"><ul class=\"blocks-gallery-grid\"><li class=\"blocks-gallery-item\"><figure><img loading=\"lazy\" decoding=\"async\" width=\"515\" height=\"515\" src=\"https:\/\/www.starejsiadjnasvadbu.sk\/wp-content\/uploads\/2019\/11\/dj-rod-osl-s-timejkou.jpg\" alt=\"\" data-id=\"151\" data-link=\"https:\/\/www.starejsiadjnasvadbu.sk\/?attachment_id=151\" class=\"wp-image-151\" srcset=\"https:\/\/www.starejsiadjnasvadbu.sk\/wp-content\/uploads\/2019\/11\/dj-rod-osl-s-timejkou.jpg 515w, https:\/\/www.starejsiadjnasvadbu.sk\/wp-content\/uploads\/2019\/11\/dj-rod-osl-s-timejkou-150x150.jpg 150w, https:\/\/www.starejsiadjnasvadbu.sk\/wp-content\/uploads\/2019\/11\/dj-rod-osl-s-timejkou-300x300.jpg 300w\" sizes=\"auto, (max-width: 515px) 100vw, 515px\" \/><\/figure><\/li><li class=\"blocks-gallery-item\"><figure><img loading=\"lazy\" decoding=\"async\" width=\"640\" height=\"854\" src=\"https:\/\/www.starejsiadjnasvadbu.sk\/wp-content\/uploads\/2019\/11\/djk-a-igor-kmeto-1.jpg\" alt=\"\" data-id=\"152\" data-link=\"https:\/\/www.starejsiadjnasvadbu.sk\/?attachment_id=152\" class=\"wp-image-152\" srcset=\"https:\/\/www.starejsiadjnasvadbu.sk\/wp-content\/uploads\/2019\/11\/djk-a-igor-kmeto-1.jpg 640w, https:\/\/www.starejsiadjnasvadbu.sk\/wp-content\/uploads\/2019\/11\/djk-a-igor-kmeto-1-225x300.jpg 225w\" sizes=\"auto, (max-width: 640px) 100vw, 640px\" \/><\/figure><\/li><li class=\"blocks-gallery-item\"><figure><img loading=\"lazy\" decoding=\"async\" width=\"1024\" height=\"683\" src=\"https:\/\/www.starejsiadjnasvadbu.sk\/wp-content\/uploads\/2019\/11\/djk-kam-4k-1024x683.jpg\" alt=\"\" data-id=\"153\" data-link=\"https:\/\/www.starejsiadjnasvadbu.sk\/?attachment_id=153\" class=\"wp-image-153\" srcset=\"https:\/\/www.starejsiadjnasvadbu.sk\/wp-content\/uploads\/2019\/11\/djk-kam-4k-1024x683.jpg 1024w, https:\/\/www.starejsiadjnasvadbu.sk\/wp-content\/uploads\/2019\/11\/djk-kam-4k-300x200.jpg 300w, https:\/\/www.starejsiadjnasvadbu.sk\/wp-content\/uploads\/2019\/11\/djk-kam-4k-768x512.jpg 768w, https:\/\/www.starejsiadjnasvadbu.sk\/wp-content\/uploads\/2019\/11\/djk-kam-4k.jpg 1440w\" sizes=\"auto, (max-width: 1024px) 100vw, 1024px\" \/><\/figure><\/li><li class=\"blocks-gallery-item\"><figure><img loading=\"lazy\" decoding=\"async\" width=\"640\" height=\"854\" src=\"https:\/\/www.starejsiadjnasvadbu.sk\/wp-content\/uploads\/2019\/11\/djk-star-1.jpg\" alt=\"\" data-id=\"154\" data-link=\"https:\/\/www.starejsiadjnasvadbu.sk\/?attachment_id=154\" class=\"wp-image-154\" srcset=\"https:\/\/www.starejsiadjnasvadbu.sk\/wp-content\/uploads\/2019\/11\/djk-star-1.jpg 640w, https:\/\/www.starejsiadjnasvadbu.sk\/wp-content\/uploads\/2019\/11\/djk-star-1-225x300.jpg 225w\" sizes=\"auto, (max-width: 640px) 100vw, 640px\" \/><\/figure><\/li><li class=\"blocks-gallery-item\"><figure><img loading=\"lazy\" decoding=\"async\" width=\"640\" height=\"854\" src=\"https:\/\/www.starejsiadjnasvadbu.sk\/wp-content\/uploads\/2019\/11\/stadjk2-1.jpg\" alt=\"\" data-id=\"155\" data-link=\"https:\/\/www.starejsiadjnasvadbu.sk\/?attachment_id=155\" class=\"wp-image-155\" srcset=\"https:\/\/www.starejsiadjnasvadbu.sk\/wp-content\/uploads\/2019\/11\/stadjk2-1.jpg 640w, https:\/\/www.starejsiadjnasvadbu.sk\/wp-content\/uploads\/2019\/11\/stadjk2-1-225x300.jpg 225w\" sizes=\"auto, (max-width: 640px) 100vw, 640px\" \/><\/figure><\/li><li class=\"blocks-gallery-item\"><figure><img loading=\"lazy\" decoding=\"async\" width=\"480\" height=\"327\" src=\"https:\/\/www.starejsiadjnasvadbu.sk\/wp-content\/uploads\/2019\/11\/star-a-dj-new-1.jpg\" alt=\"\" data-id=\"156\" data-link=\"https:\/\/www.starejsiadjnasvadbu.sk\/?attachment_id=156\" class=\"wp-image-156\" srcset=\"https:\/\/www.starejsiadjnasvadbu.sk\/wp-content\/uploads\/2019\/11\/star-a-dj-new-1.jpg 480w, https:\/\/www.starejsiadjnasvadbu.sk\/wp-content\/uploads\/2019\/11\/star-a-dj-new-1-300x204.jpg 300w\" sizes=\"auto, (max-width: 480px) 100vw, 480px\" \/><\/figure><\/li><li class=\"blocks-gallery-item\"><figure><img loading=\"lazy\" decoding=\"async\" width=\"1024\" height=\"768\" src=\"https:\/\/www.starejsiadjnasvadbu.sk\/wp-content\/uploads\/2019\/11\/svadba-2-1-1024x768.jpg\" alt=\"\" data-id=\"157\" data-link=\"https:\/\/www.starejsiadjnasvadbu.sk\/?attachment_id=157\" class=\"wp-image-157\" srcset=\"https:\/\/www.starejsiadjnasvadbu.sk\/wp-content\/uploads\/2019\/11\/svadba-2-1-1024x768.jpg 1024w, https:\/\/www.starejsiadjnasvadbu.sk\/wp-content\/uploads\/2019\/11\/svadba-2-1-300x225.jpg 300w, https:\/\/www.starejsiadjnasvadbu.sk\/wp-content\/uploads\/2019\/11\/svadba-2-1-768x576.jpg 768w, https:\/\/www.starejsiadjnasvadbu.sk\/wp-content\/uploads\/2019\/11\/svadba-2-1-678x509.jpg 678w, https:\/\/www.starejsiadjnasvadbu.sk\/wp-content\/uploads\/2019\/11\/svadba-2-1-326x245.jpg 326w, https:\/\/www.starejsiadjnasvadbu.sk\/wp-content\/uploads\/2019\/11\/svadba-2-1-80x60.jpg 80w, https:\/\/www.starejsiadjnasvadbu.sk\/wp-content\/uploads\/2019\/11\/svadba-2-1.jpg 2048w\" sizes=\"auto, (max-width: 1024px) 100vw, 1024px\" \/><\/figure><\/li><li class=\"blocks-gallery-item\"><figure><img loading=\"lazy\" decoding=\"async\" width=\"449\" height=\"960\" src=\"https:\/\/www.starejsiadjnasvadbu.sk\/wp-content\/uploads\/2019\/11\/svadba-3.jpg\" alt=\"\" data-id=\"158\" data-link=\"https:\/\/www.starejsiadjnasvadbu.sk\/?attachment_id=158\" class=\"wp-image-158\" srcset=\"https:\/\/www.starejsiadjnasvadbu.sk\/wp-content\/uploads\/2019\/11\/svadba-3.jpg 449w, https:\/\/www.starejsiadjnasvadbu.sk\/wp-content\/uploads\/2019\/11\/svadba-3-140x300.jpg 140w\" sizes=\"auto, (max-width: 449px) 100vw, 449px\" \/><\/figure><\/li><li class=\"blocks-gallery-item\"><figure><img loading=\"lazy\" decoding=\"async\" width=\"854\" height=\"640\" src=\"https:\/\/www.starejsiadjnasvadbu.sk\/wp-content\/uploads\/2019\/11\/svadba4-2.jpg\" alt=\"\" data-id=\"160\" data-link=\"https:\/\/www.starejsiadjnasvadbu.sk\/?attachment_id=160\" class=\"wp-image-160\" srcset=\"https:\/\/www.starejsiadjnasvadbu.sk\/wp-content\/uploads\/2019\/11\/svadba4-2.jpg 854w, https:\/\/www.starejsiadjnasvadbu.sk\/wp-content\/uploads\/2019\/11\/svadba4-2-300x225.jpg 300w, https:\/\/www.starejsiadjnasvadbu.sk\/wp-content\/uploads\/2019\/11\/svadba4-2-768x576.jpg 768w, https:\/\/www.starejsiadjnasvadbu.sk\/wp-content\/uploads\/2019\/11\/svadba4-2-678x509.jpg 678w, https:\/\/www.starejsiadjnasvadbu.sk\/wp-content\/uploads\/2019\/11\/svadba4-2-326x245.jpg 326w, https:\/\/www.starejsiadjnasvadbu.sk\/wp-content\/uploads\/2019\/11\/svadba4-2-80x60.jpg 80w\" sizes=\"auto, (max-width: 854px) 100vw, 854px\" \/><\/figure><\/li><li class=\"blocks-gallery-item\"><figure><img loading=\"lazy\" decoding=\"async\" width=\"854\" height=\"640\" src=\"https:\/\/www.starejsiadjnasvadbu.sk\/wp-content\/uploads\/2019\/11\/svadba5-1.jpg\" alt=\"\" data-id=\"163\" data-link=\"https:\/\/www.starejsiadjnasvadbu.sk\/?attachment_id=163\" class=\"wp-image-163\" srcset=\"https:\/\/www.starejsiadjnasvadbu.sk\/wp-content\/uploads\/2019\/11\/svadba5-1.jpg 854w, https:\/\/www.starejsiadjnasvadbu.sk\/wp-content\/uploads\/2019\/11\/svadba5-1-300x225.jpg 300w, https:\/\/www.starejsiadjnasvadbu.sk\/wp-content\/uploads\/2019\/11\/svadba5-1-768x576.jpg 768w, https:\/\/www.starejsiadjnasvadbu.sk\/wp-content\/uploads\/2019\/11\/svadba5-1-678x509.jpg 678w, https:\/\/www.starejsiadjnasvadbu.sk\/wp-content\/uploads\/2019\/11\/svadba5-1-326x245.jpg 326w, https:\/\/www.starejsiadjnasvadbu.sk\/wp-content\/uploads\/2019\/11\/svadba5-1-80x60.jpg 80w\" sizes=\"auto, (max-width: 854px) 100vw, 854px\" \/><\/figure><\/li><li class=\"blocks-gallery-item\"><figure><img loading=\"lazy\" decoding=\"async\" width=\"854\" height=\"640\" src=\"https:\/\/www.starejsiadjnasvadbu.sk\/wp-content\/uploads\/2019\/11\/svadba6-1.jpg\" alt=\"\" data-id=\"164\" data-link=\"https:\/\/www.starejsiadjnasvadbu.sk\/?attachment_id=164\" class=\"wp-image-164\" srcset=\"https:\/\/www.starejsiadjnasvadbu.sk\/wp-content\/uploads\/2019\/11\/svadba6-1.jpg 854w, https:\/\/www.starejsiadjnasvadbu.sk\/wp-content\/uploads\/2019\/11\/svadba6-1-300x225.jpg 300w, https:\/\/www.starejsiadjnasvadbu.sk\/wp-content\/uploads\/2019\/11\/svadba6-1-768x576.jpg 768w, https:\/\/www.starejsiadjnasvadbu.sk\/wp-content\/uploads\/2019\/11\/svadba6-1-678x509.jpg 678w, https:\/\/www.starejsiadjnasvadbu.sk\/wp-content\/uploads\/2019\/11\/svadba6-1-326x245.jpg 326w, https:\/\/www.starejsiadjnasvadbu.sk\/wp-content\/uploads\/2019\/11\/svadba6-1-80x60.jpg 80w\" sizes=\"auto, (max-width: 854px) 100vw, 854px\" \/><\/figure><\/li><li class=\"blocks-gallery-item\"><figure><img loading=\"lazy\" decoding=\"async\" width=\"854\" height=\"640\" src=\"https:\/\/www.starejsiadjnasvadbu.sk\/wp-content\/uploads\/2019\/11\/svadba7-1.jpg\" alt=\"\" data-id=\"165\" data-link=\"https:\/\/www.starejsiadjnasvadbu.sk\/?attachment_id=165\" class=\"wp-image-165\" srcset=\"https:\/\/www.starejsiadjnasvadbu.sk\/wp-content\/uploads\/2019\/11\/svadba7-1.jpg 854w, https:\/\/www.starejsiadjnasvadbu.sk\/wp-content\/uploads\/2019\/11\/svadba7-1-300x225.jpg 300w, https:\/\/www.starejsiadjnasvadbu.sk\/wp-content\/uploads\/2019\/11\/svadba7-1-768x576.jpg 768w, https:\/\/www.starejsiadjnasvadbu.sk\/wp-content\/uploads\/2019\/11\/svadba7-1-678x509.jpg 678w, https:\/\/www.starejsiadjnasvadbu.sk\/wp-content\/uploads\/2019\/11\/svadba7-1-326x245.jpg 326w, https:\/\/www.starejsiadjnasvadbu.sk\/wp-content\/uploads\/2019\/11\/svadba7-1-80x60.jpg 80w\" sizes=\"auto, (max-width: 854px) 100vw, 854px\" \/><\/figure><\/li><li class=\"blocks-gallery-item\"><figure><img loading=\"lazy\" decoding=\"async\" width=\"640\" height=\"854\" src=\"https:\/\/www.starejsiadjnasvadbu.sk\/wp-content\/uploads\/2019\/11\/svadba8-1.jpg\" alt=\"\" data-id=\"166\" data-link=\"https:\/\/www.starejsiadjnasvadbu.sk\/?attachment_id=166\" class=\"wp-image-166\" srcset=\"https:\/\/www.starejsiadjnasvadbu.sk\/wp-content\/uploads\/2019\/11\/svadba8-1.jpg 640w, https:\/\/www.starejsiadjnasvadbu.sk\/wp-content\/uploads\/2019\/11\/svadba8-1-225x300.jpg 225w\" sizes=\"auto, (max-width: 640px) 100vw, 640px\" \/><\/figure><\/li><li class=\"blocks-gallery-item\"><figure><img loading=\"lazy\" decoding=\"async\" width=\"854\" height=\"640\" src=\"https:\/\/www.starejsiadjnasvadbu.sk\/wp-content\/uploads\/2019\/11\/svadba9-1.jpg\" alt=\"\" data-id=\"167\" data-link=\"https:\/\/www.starejsiadjnasvadbu.sk\/?attachment_id=167\" class=\"wp-image-167\" srcset=\"https:\/\/www.starejsiadjnasvadbu.sk\/wp-content\/uploads\/2019\/11\/svadba9-1.jpg 854w, https:\/\/www.starejsiadjnasvadbu.sk\/wp-content\/uploads\/2019\/11\/svadba9-1-300x225.jpg 300w, https:\/\/www.starejsiadjnasvadbu.sk\/wp-content\/uploads\/2019\/11\/svadba9-1-768x576.jpg 768w, https:\/\/www.starejsiadjnasvadbu.sk\/wp-content\/uploads\/2019\/11\/svadba9-1-678x509.jpg 678w, https:\/\/www.starejsiadjnasvadbu.sk\/wp-content\/uploads\/2019\/11\/svadba9-1-326x245.jpg 326w, https:\/\/www.starejsiadjnasvadbu.sk\/wp-content\/uploads\/2019\/11\/svadba9-1-80x60.jpg 80w\" sizes=\"auto, (max-width: 854px) 100vw, 854px\" \/><\/figure><\/li><li class=\"blocks-gallery-item\"><figure><img loading=\"lazy\" decoding=\"async\" width=\"640\" height=\"854\" src=\"https:\/\/www.starejsiadjnasvadbu.sk\/wp-content\/uploads\/2019\/11\/stadjk-tk-1.jpg\" alt=\"\" data-id=\"169\" data-link=\"https:\/\/www.starejsiadjnasvadbu.sk\/?attachment_id=169\" class=\"wp-image-169\" srcset=\"https:\/\/www.starejsiadjnasvadbu.sk\/wp-content\/uploads\/2019\/11\/stadjk-tk-1.jpg 640w, https:\/\/www.starejsiadjnasvadbu.sk\/wp-content\/uploads\/2019\/11\/stadjk-tk-1-225x300.jpg 225w\" sizes=\"auto, (max-width: 640px) 100vw, 640px\" \/><\/figure><\/li><\/ul><\/figure>\n\n\n\n<figure class=\"wp-block-image\"><img loading=\"lazy\" decoding=\"async\" width=\"759\" height=\"1024\" src=\"https:\/\/www.starejsiadjnasvadbu.sk\/wp-content\/uploads\/2020\/09\/SV2-759x1024.jpg\" alt=\"\" class=\"wp-image-370\" srcset=\"https:\/\/www.starejsiadjnasvadbu.sk\/wp-content\/uploads\/2020\/09\/SV2-759x1024.jpg 759w, https:\/\/www.starejsiadjnasvadbu.sk\/wp-content\/uploads\/2020\/09\/SV2-222x300.jpg 222w, https:\/\/www.starejsiadjnasvadbu.sk\/wp-content\/uploads\/2020\/09\/SV2-768x1036.jpg 768w, https:\/\/www.starejsiadjnasvadbu.sk\/wp-content\/uploads\/2020\/09\/SV2.jpg 1518w\" sizes=\"auto, (max-width: 759px) 100vw, 759px\" \/><\/figure>\n\n\n\n<div class=\"wp-block-image\"><figure class=\"aligncenter is-resized\"><img loading=\"lazy\" decoding=\"async\" src=\"https:\/\/www.starejsiadjnasvadbu.sk\/wp-content\/uploads\/2020\/09\/ABCDE.jpg\" alt=\"\" class=\"wp-image-369\" width=\"380\" height=\"514\"\/><\/figure><\/div>\n\n\n\n<div class=\"wp-block-image\"><figure class=\"aligncenter\"><img loading=\"lazy\" decoding=\"async\" width=\"1024\" height=\"759\" src=\"https:\/\/www.starejsiadjnasvadbu.sk\/wp-content\/uploads\/2020\/09\/SV3-1024x759.jpg\" alt=\"\" class=\"wp-image-371\" srcset=\"https:\/\/www.starejsiadjnasvadbu.sk\/wp-content\/uploads\/2020\/09\/SV3-1024x759.jpg 1024w, https:\/\/www.starejsiadjnasvadbu.sk\/wp-content\/uploads\/2020\/09\/SV3-300x222.jpg 300w, https:\/\/www.starejsiadjnasvadbu.sk\/wp-content\/uploads\/2020\/09\/SV3-768x569.jpg 768w, https:\/\/www.starejsiadjnasvadbu.sk\/wp-content\/uploads\/2020\/09\/SV3-80x60.jpg 80w, https:\/\/www.starejsiadjnasvadbu.sk\/wp-content\/uploads\/2020\/09\/SV3.jpg 2048w\" sizes=\"auto, (max-width: 1024px) 100vw, 1024px\" \/><\/figure><\/div>\n\n\n\n<p class=\"has-text-align-center has-normal-font-size\"><strong>V\u0161etky fotografie na tejto na\u0161ej web str\u00e1nke s\u00fa umiestnen\u00e9 <span class=\"has-inline-color has-vivid-red-color\">so s\u00fahlasom<\/span> fotografovan\u00fdch os\u00f4b pri na\u0161ej produkcii v r\u00e1mci \u010dinnosti<\/strong>.<\/p>\n","protected":false},"excerpt":{"rendered":"<div class=\"mh-excerpt\"><p>V\u0161etky fotografie na tejto na\u0161ej web str\u00e1nke s\u00fa umiestnen\u00e9 so s\u00fahlasom fotografovan\u00fdch os\u00f4b pri na\u0161ej produkcii v r\u00e1mci \u010dinnosti.<\/p>\n<\/div>","protected":false},"author":1,"featured_media":0,"parent":0,"menu_order":0,"comment_status":"closed","ping_status":"closed","template":"","meta":{"_monsterinsights_skip_tracking":false,"_monsterinsights_sitenote_active":false,"_monsterinsights_sitenote_note":"","_monsterinsights_sitenote_category":0,"footnotes":""},"class_list":["post-54","page","type-page","status-publish","hentry"],"_links":{"self":[{"href":"https:\/\/www.starejsiadjnasvadbu.sk\/index.php?rest_route=\/wp\/v2\/pages\/54","targetHints":{"allow":["GET"]}}],"collection":[{"href":"https:\/\/www.starejsiadjnasvadbu.sk\/index.php?rest_route=\/wp\/v2\/pages"}],"about":[{"href":"https:\/\/www.starejsiadjnasvadbu.sk\/index.php?rest_route=\/wp\/v2\/types\/page"}],"author":[{"embeddable":true,"href":"https:\/\/www.starejsiadjnasvadbu.sk\/index.php?rest_route=\/wp\/v2\/users\/1"}],"replies":[{"embeddable":true,"href":"https:\/\/www.starejsiadjnasvadbu.sk\/index.php?rest_route=%2Fwp%2Fv2%2Fcomments&post=54"}],"version-history":[{"count":6,"href":"https:\/\/www.starejsiadjnasvadbu.sk\/index.php?rest_route=\/wp\/v2\/pages\/54\/revisions"}],"predecessor-version":[{"id":808,"href":"https:\/\/www.starejsiadjnasvadbu.sk\/index.php?rest_route=\/wp\/v2\/pages\/54\/revisions\/808"}],"wp:attachment":[{"href":"https:\/\/www.starejsiadjnasvadbu.sk\/index.php?rest_route=%2Fwp%2Fv2%2Fmedia&parent=54"}],"curies":[{"name":"wp","href":"https:\/\/api.w.org\/{rel}","templated":true}]}}