{"id":57,"date":"2019-11-10T11:51:53","date_gmt":"2019-11-10T10:51:53","guid":{"rendered":"https:\/\/www.starejsiadjnasvadbu.sk\/?page_id=57"},"modified":"2026-01-29T19:32:59","modified_gmt":"2026-01-29T18:32:59","slug":"kontakt","status":"publish","type":"page","link":"https:\/\/www.starejsiadjnasvadbu.sk\/?page_id=57","title":{"rendered":"Kontakt"},"content":{"rendered":"\n<p class=\"has-text-align-center\"><strong>Firemn\u00e9 \u00fadaje:<\/strong><\/p>\n\n\n\n<p class=\"has-text-align-center has-medium-font-size\"><strong>TESSOUND s.r.o.  Stani\u010dn\u00e1 607\/39, 956 31 Kru\u0161ovce, I\u010cO: 47 996 331, DI\u010c: 202 417 2161. <\/strong><\/p>\n\n\n\n<p class=\"has-text-align-center\" style=\"font-size:24px\"><strong>Majite\u013e &amp; konate\u013e spol. Peter Kubi\u0161<\/strong><\/p>\n\n\n\n<p class=\"has-text-align-center has-vivid-red-color has-text-color\" style=\"font-size:19px\"><strong>\u010c. \u00fa\u010dtu :  SK95 0200 0000 0034 3456 3955   ( Pe\u0148a\u017en\u00fd \u00fastav &#8211; V\u00daB BANKA )<\/strong><\/p>\n\n\n\n<p class=\"has-text-align-center\" style=\"font-size:20px\"><strong>Pri z\u00e1lohovej platbe za objednan\u00fd event pros\u00edme uvies\u0165 v pozn\u00e1mke text : Z\u00c1LOHA &#8211; SVADBA a d\u00e1tum svadby, resp. objednan\u00e9ho term\u00ednu, meno a priezvisko kv\u00f4li identifik\u00e1cii platby.<\/strong><\/p>\n\n\n\n<h3 class=\"wp-block-heading has-text-align-center has-vivid-red-color has-text-color has-link-color wp-elements-baf48a312ccc8d7f93011880af0cb572\"><strong>Bez potvrdenia objedn\u00e1vky na\u0161ich slu\u017eieb je rezerv\u00e1cia V\u00e1\u0161ho term\u00ednu neplatn\u00e1 !!!<\/strong> <\/h3>\n\n\n\n<p class=\"has-text-align-center\"><strong>Na z\u00e1klade potvrdenia prijatia Va\u0161ej objedn\u00e1vky V\u00e1m m\u00f4\u017eeme vystavi\u0165 z\u00e1lohov\u00fa fakt\u00faru na zaplatenie z\u00e1lohy za Va\u0161u objedn\u00e1vku.<\/strong><\/p>\n\n\n\n<h4 class=\"wp-block-heading has-text-align-center\"><strong> Pri platbe doplatku po skon\u010den\u00ed eventu v hotovosti n\u00e1s informujte vopred.<\/strong><\/h4>\n\n\n\n<h4 class=\"wp-block-heading has-text-align-center has-vivid-red-color has-text-color has-link-color wp-elements-5b196b0d50b1dd2ce815ee49711967dc\" style=\"font-size:18px\">Pre ak\u00e9ko\u013evek inform\u00e1cie n\u00e1s kontaktujte na ni\u017e\u0161ie uveden\u00fdch kontaktoch.<\/h4>\n\n\n\n<p class=\"has-text-align-center has-large-font-size\"><strong>e-mail:<\/strong> <strong>servis@tessound.sk<\/strong><\/p>\n\n\n\n<p class=\"has-text-align-center has-large-font-size\"><strong>tel: 0948 \/ 77 47 17 , 0948 \/ 77 47 18<\/strong><\/p>\n\n\n\n<p class=\"has-text-align-center has-vivid-red-color has-text-color has-medium-font-size\"><strong>NIE SME PLATCAMI DPH.<\/strong><\/p>\n\n\n\n<h2 class=\"wp-block-heading\">V\u0161eobecn\u00e1 inform\u00e1cia<\/h2>\n\n\n\n<p>Webov\u00fa str\u00e1nku prev\u00e1dzkuje spolo\u010dnos\u0165 TESSOUND s.r.o.; v\u0161etky pr\u00e1va, ktor\u00e9 sa t\u00fdkaj\u00fa str\u00e1nky, alebo ktor\u00e9 z webovej str\u00e1nky vypl\u00fdvaj\u00fa, prisl\u00fachaj\u00fa spolo\u010dnosti TESSOUND s.r.o..<\/p>\n\n\n\n<h2 class=\"wp-block-heading\">Prehl\u00e1senie<\/h2>\n\n\n\n<p>Uveden\u00fd obsah bol vytvoren\u00fd s maxim\u00e1lnou d\u00f4slednos\u0165ou. Spolo\u010dnos\u0165 TESSOUND  s.r.o. v\u0161ak nem\u00f4\u017ee zaru\u010di\u0165 jeho presnos\u0165, \u00faplnos\u0165, spo\u013eahlivos\u0165, pou\u017eite\u013enos\u0165 ani aktu\u00e1lnos\u0165. Pr\u00edslu\u0161n\u00fd pou\u017e\u00edvate\u013e je preto vo v\u0161eobecnosti povinn\u00fd odborne skontrolova\u0165 alebo da\u0165 si odborne skontrolova\u0165 cel\u00fd obsah vzh\u013eadom na zam\u00fd\u0161\u013ean\u00fd \u00fa\u010del jeho pou\u017eitia.<\/p>\n\n\n\n<p>Spolo\u010dnos\u0165 TESSOUND s.r.o. zodpoved\u00e1 za vlastn\u00fd obsah na t\u00fdchto webov\u00fdch str\u00e1nkach na z\u00e1klade v\u0161eobecn\u00fdch pr\u00e1vnych predpisov. Nie je v\u0161ak povinn\u00e1 sledova\u0165 inform\u00e1cie \u0161\u00edren\u00e9 alebo uchov\u00e1van\u00e9 tret\u00edmi stranami, ani sk\u00fama\u0165 okolnosti, ktor\u00e9 m\u00f4\u017eu nazna\u010dova\u0165 nez\u00e1konn\u00fa \u010dinnos\u0165. Povinnos\u0165 odstr\u00e1ni\u0165 alebo blokova\u0165 pou\u017e\u00edvanie inform\u00e1ci\u00ed na z\u00e1klade v\u0161eobecn\u00fdch pr\u00e1vnych predpisov t\u00fdm zost\u00e1va nedotknut\u00e1. Zodpovednos\u0165 je v\u0161ak mo\u017en\u00e9 realizova\u0165 a\u017e odo d\u0148a vedomosti o konkr\u00e9tnom protipr\u00e1vnom konan\u00ed. Po ozn\u00e1men\u00ed tak\u00e9hoto poru\u0161enia z\u00e1kona spolo\u010dnos\u0165 TESSOUND s.r.o. okam\u017eite odstr\u00e1ni pr\u00edslu\u0161n\u00fd obsah.<\/p>\n\n\n\n<p>T\u00e1to webov\u00e1 str\u00e1nka a v\u0161etky inform\u00e1cie o produktoch (\u010falej len \u201eproduktov\u00e9 inform\u00e1cie\u201c alebo \u201eproduktov\u00fd obsah\u201c) s\u00fa poskytnut\u00e9 \u201etak ako je\u201c a v rozsahu povolenom z\u00e1konom, bez akejko\u013evek (v\u00fdslovnej \u010di predpokladanej) z\u00e1ruky, z\u00e1v\u00e4zku alebo zodpovednosti. Spolo\u010dnos\u0165 TESSOUND s.r.o., s v\u00fdnimkou pr\u00edpadov \u00famyseln\u00e9ho pochybenia, nezodpoved\u00e1 za \u0161kody sp\u00f4soben\u00e9 pou\u017eit\u00edm alebo v s\u00favislosti s pou\u017eit\u00edm t\u00fdchto inform\u00e1ci\u00ed. Spolo\u010dnos\u0165 TESSOUND s.r.o. v \u017eiadnom pr\u00edpade nezodpoved\u00e1 ani nepreber\u00e1 zodpovednos\u0165 za \u017eiadne nepriame, n\u00e1hodn\u00e9 alebo n\u00e1sledn\u00e9 \u0161kody sp\u00f4soben\u00e9 pou\u017eit\u00edm alebo v s\u00favislosti s pou\u017eit\u00edm tak\u00e9hoto obsahu.<\/p>\n\n\n\n<h2 class=\"wp-block-heading\">Zodpovednos\u0165 za odkazy<\/h2>\n\n\n\n<p>S\u00fa\u010das\u0165ou obsahu tejto webovej str\u00e1nky nie s\u00fa odkazy na extern\u00e9 webov\u00e9 str\u00e1nky.<\/p>\n\n\n\n<h2 class=\"wp-block-heading\">Autorsk\u00e9 pr\u00e1vo<\/h2>\n\n\n\n<p>Obsah a diela na t\u00fdchto str\u00e1nkach zostavila spolo\u010dnos\u0165 TESSOUND s.r.o. a podliehaj\u00fa autorsk\u00e9mu pr\u00e1vu. Na ich kop\u00edrovanie, spracov\u00e1vanie, \u0161\u00edrenie \u010di ak\u00e9ko\u013evek pou\u017e\u00edvanie presahuj\u00face hranice autorsk\u00e9ho z\u00e1kona je potrebn\u00fd p\u00edsomn\u00fd s\u00fahlas spolo\u010dnosti TESSOUND  s.r.o.. V pr\u00edpade, \u017ee pr\u00edslu\u0161n\u00fd obsah nevytvorila spolo\u010dnos\u0165 TESSOUND s.r.o., platia autorsk\u00e9 pr\u00e1va tret\u00edch str\u00e1n. Obsah tret\u00edch str\u00e1n je pr\u00edslu\u0161ne ozna\u010den\u00fd. Ak v\u0161ak pou\u017e\u00edvate\u013e zist\u00ed poru\u0161enie autorsk\u00fdch pr\u00e1v, spolo\u010dnos\u0165 TESSOUND s.r.o. ho pros\u00ed o ozn\u00e1menie tejto skuto\u010dnosti. Po ozn\u00e1men\u00ed tak\u00e9hoto poru\u0161enia z\u00e1kona spolo\u010dnos\u0165 TESSOUND s.r.o. pr\u00edslu\u0161n\u00fd obsah okam\u017eite odstr\u00e1ni.<\/p>\n\n\n\n<h2 class=\"wp-block-heading\">Produktov\u00e9 inform\u00e1cie<\/h2>\n\n\n\n<h4 class=\"wp-block-heading\">Inform\u00e1cie a&nbsp;dokumenty tret\u00edch str\u00e1n<\/h4>\n\n\n\n<p>Pokia\u013e produktov\u00e9 inform\u00e1cie poskytovan\u00e9 pou\u017e\u00edvate\u013eovi vych\u00e1dzaj\u00fa z&nbsp;\u00fadajov o&nbsp;invent\u00e1ri tret\u00edch str\u00e1n, d\u00e1tum poslednej aktualiz\u00e1cie je mo\u017en\u00e9 n\u00e1js\u0165 na d\u00e1tovom formul\u00e1ri.<\/p>\n\n\n\n<p>Hoci spolo\u010dnos\u0165 TESSOUND s.r.o. vynalo\u017eila maxim\u00e1lne \u00fasilie, aby zaru\u010dila presnos\u0165, \u00faplnos\u0165, spo\u013eahlivos\u0165, aktu\u00e1lnos\u0165 a pou\u017eite\u013enos\u0165 inform\u00e1ci\u00ed tret\u00edch str\u00e1n, v rozsahu povolenom z\u00e1konom odmieta ak\u00e9ko\u013evek z\u00e1ruky \u010di zodpovednos\u0165.<\/p>\n\n\n\n<h4 class=\"wp-block-heading\">Inform\u00e1cie a dokumenty spolo\u010dnosti TESSOUND s.r.o.<\/h4>\n\n\n\n<p>Inform\u00e1cie o produktoch, resp. slu\u017eb\u00e1ch spolo\u010dnosti TESSOUND s.r.o. vych\u00e1dzaj\u00fa z jej s\u00fa\u010dasn\u00fdch poznatkov, opr\u00e1vnen\u00ed a sk\u00fasenost\u00ed a s\u00fa v s\u00falade s rozhodnut\u00edm prij\u00edmacieho org\u00e1nu. <\/p>\n\n\n\n<h2 class=\"wp-block-heading\">V\u0161eobecn\u00e9 obchodn\u00e9 podmienky<\/h2>\n\n\n\n<p>Ak nie je p\u00edsomne uveden\u00e9 inak, V\u0161eobecn\u00e9 obchodn\u00e9 podmienky spolo\u010dnosti TESSOUND s.r.o. nemo\u017eno meni\u0165 na tejto webovej str\u00e1nke, v jej obsahu, materi\u00e1loch ani inform\u00e1ci\u00e1ch.<\/p>\n\n\n\n<h4 class=\"wp-block-heading\">Zmeny a&nbsp;aktualiz\u00e1cia<\/h4>\n\n\n\n<p>Spolo\u010dnos\u0165 TESSOUND s.r.o. m\u00f4\u017ee, bez akejko\u013evek z toho plyn\u00facej zodpovednosti, kedyko\u013evek upravi\u0165 a\/alebo ukon\u010di\u0165 \u010dinnos\u0165 t\u00fdchto Str\u00e1nok alebo ich \u010dasti bez predch\u00e1dzaj\u00faceho upozornenia na z\u00e1klade vlastn\u00e9ho uv\u00e1\u017eenia a nepreber\u00e1 \u017eiadnu zodpovednos\u0165 za ich aktualiz\u00e1ciu.<\/p>\n\n\n\n<h2 class=\"wp-block-heading\">Z\u00e1vere<strong>\u010dn<\/strong>\u00e9 ustanovenia<\/h2>\n\n\n\n<p>V\u0161etky n\u00e1roky \u010di s\u00fadne spory spojen\u00e9 s&nbsp;t\u00fdmito Str\u00e1nkami alebo ich pou\u017e\u00edvan\u00edm sa bud\u00fa riadi\u0165 a&nbsp;vyklada\u0165 v&nbsp;s\u00falade so z\u00e1konom, s&nbsp;v\u00fdnimkou pr\u00edpadov, ke\u010f bud\u00fa v&nbsp;rozpore s&nbsp;pr\u00e1vnymi z\u00e1sadami.<\/p>\n\n\n\n<p class=\"has-text-align-center\"><\/p>\n\n\n\n<p><\/p>\n","protected":false},"excerpt":{"rendered":"<div class=\"mh-excerpt\"><p>Firemn\u00e9 \u00fadaje: TESSOUND s.r.o. Stani\u010dn\u00e1 607\/39, 956 31 Kru\u0161ovce, I\u010cO: 47 996 331, DI\u010c: 202 417 2161. Majite\u013e &amp; konate\u013e spol. Peter Kubi\u0161 \u010c. \u00fa\u010dtu <a class=\"mh-excerpt-more\" href=\"https:\/\/www.starejsiadjnasvadbu.sk\/?page_id=57\" title=\"Kontakt\">[&#8230;]<\/a><\/p>\n<\/div>","protected":false},"author":1,"featured_media":0,"parent":0,"menu_order":0,"comment_status":"closed","ping_status":"closed","template":"","meta":{"_monsterinsights_skip_tracking":false,"_monsterinsights_sitenote_active":false,"_monsterinsights_sitenote_note":"","_monsterinsights_sitenote_category":0,"footnotes":""},"class_list":["post-57","page","type-page","status-publish","hentry"],"_links":{"self":[{"href":"https:\/\/www.starejsiadjnasvadbu.sk\/index.php?rest_route=\/wp\/v2\/pages\/57","targetHints":{"allow":["GET"]}}],"collection":[{"href":"https:\/\/www.starejsiadjnasvadbu.sk\/index.php?rest_route=\/wp\/v2\/pages"}],"about":[{"href":"https:\/\/www.starejsiadjnasvadbu.sk\/index.php?rest_route=\/wp\/v2\/types\/page"}],"author":[{"embeddable":true,"href":"https:\/\/www.starejsiadjnasvadbu.sk\/index.php?rest_route=\/wp\/v2\/users\/1"}],"replies":[{"embeddable":true,"href":"https:\/\/www.starejsiadjnasvadbu.sk\/index.php?rest_route=%2Fwp%2Fv2%2Fcomments&post=57"}],"version-history":[{"count":6,"href":"https:\/\/www.starejsiadjnasvadbu.sk\/index.php?rest_route=\/wp\/v2\/pages\/57\/revisions"}],"predecessor-version":[{"id":1414,"href":"https:\/\/www.starejsiadjnasvadbu.sk\/index.php?rest_route=\/wp\/v2\/pages\/57\/revisions\/1414"}],"wp:attachment":[{"href":"https:\/\/www.starejsiadjnasvadbu.sk\/index.php?rest_route=%2Fwp%2Fv2%2Fmedia&parent=57"}],"curies":[{"name":"wp","href":"https:\/\/api.w.org\/{rel}","templated":true}]}}