{"id":6,"date":"2019-11-02T13:31:18","date_gmt":"2019-11-02T12:31:18","guid":{"rendered":"https:\/\/www.starejsiadjnasvadbu.sk\/?page_id=6"},"modified":"2023-11-01T20:44:54","modified_gmt":"2023-11-01T19:44:54","slug":"o-mne","status":"publish","type":"page","link":"https:\/\/www.starejsiadjnasvadbu.sk\/?page_id=6","title":{"rendered":"O MNE"},"content":{"rendered":"\n<figure class=\"wp-block-gallery columns-3 is-cropped wp-block-gallery-1 is-layout-flex wp-block-gallery-is-layout-flex\"><ul class=\"blocks-gallery-grid\"><li class=\"blocks-gallery-item\"><figure><img loading=\"lazy\" decoding=\"async\" width=\"720\" height=\"960\" src=\"https:\/\/www.starejsiadjnasvadbu.sk\/wp-content\/uploads\/2019\/11\/star-dj-pd-magnus.jpg\" alt=\"\" data-id=\"147\" data-link=\"https:\/\/www.starejsiadjnasvadbu.sk\/?attachment_id=147\" class=\"wp-image-147\" srcset=\"https:\/\/www.starejsiadjnasvadbu.sk\/wp-content\/uploads\/2019\/11\/star-dj-pd-magnus.jpg 720w, https:\/\/www.starejsiadjnasvadbu.sk\/wp-content\/uploads\/2019\/11\/star-dj-pd-magnus-225x300.jpg 225w\" sizes=\"auto, (max-width: 720px) 100vw, 720px\" \/><\/figure><\/li><li class=\"blocks-gallery-item\"><figure><img loading=\"lazy\" decoding=\"async\" width=\"480\" height=\"327\" src=\"https:\/\/www.starejsiadjnasvadbu.sk\/wp-content\/uploads\/2019\/11\/star-a-dj-new.jpg\" alt=\"\" data-id=\"148\" data-link=\"https:\/\/www.starejsiadjnasvadbu.sk\/?attachment_id=148\" class=\"wp-image-148\" srcset=\"https:\/\/www.starejsiadjnasvadbu.sk\/wp-content\/uploads\/2019\/11\/star-a-dj-new.jpg 480w, https:\/\/www.starejsiadjnasvadbu.sk\/wp-content\/uploads\/2019\/11\/star-a-dj-new-300x204.jpg 300w\" sizes=\"auto, (max-width: 480px) 100vw, 480px\" \/><\/figure><\/li><li class=\"blocks-gallery-item\"><figure><img loading=\"lazy\" decoding=\"async\" width=\"640\" height=\"854\" src=\"https:\/\/www.starejsiadjnasvadbu.sk\/wp-content\/uploads\/2019\/11\/staradj5-1.jpg\" alt=\"\" data-id=\"149\" data-link=\"https:\/\/www.starejsiadjnasvadbu.sk\/?attachment_id=149\" class=\"wp-image-149\" srcset=\"https:\/\/www.starejsiadjnasvadbu.sk\/wp-content\/uploads\/2019\/11\/staradj5-1.jpg 640w, https:\/\/www.starejsiadjnasvadbu.sk\/wp-content\/uploads\/2019\/11\/staradj5-1-225x300.jpg 225w\" sizes=\"auto, (max-width: 640px) 100vw, 640px\" \/><\/figure><\/li><\/ul><\/figure>\n\n\n\n<p class=\"has-text-align-left\" style=\"font-size:18px\"><strong>V\u00e1\u017een\u00ed z\u00e1kazn\u00edci, mil\u00ed priatelia<\/strong><\/p>\n\n\n\n<p class=\"has-text-align-center\" style=\"font-size:18px\"><strong>moje meno je Peter Kubi\u0161 a svoju pr\u00e1cu sa sna\u017e\u00edm robi\u0165 s maxim\u00e1lnou rados\u0165ou a ochotou pre V\u00e1s. Venujem sa kompletn\u00e9mu DJ+DISKO servisu vr\u00e1tane ozvu\u010denia a osvetlenia akci\u00ed, firemn\u00fdch eventov, rodinn\u00fdch osl\u00e1v, \u0161peci\u00e1lne svadobn\u00fdch programov s kompletn\u00fdm technick\u00fdm zabezpe\u010den\u00edm. Najv\u00e4\u010d\u0161iu cenu m\u00e1 pre m\u0148a spokojnos\u0165 z\u00e1kazn\u00edkov, priate\u013eov a host\u00ed, vr\u00e1tane person\u00e1lu a presne TO je aj moja reklama. T\u00fdmto sa V\u00e1m chcem po\u010fakova\u0165 za prejaven\u00fa d\u00f4veru a spolupr\u00e1cu<\/strong>,<strong>\u00a0preto\u017ee je to o v\u010fa\u010dnosti a som v\u010fa\u010dn\u00fd za ka\u017ed\u00fd druh akcie pre V\u00e1s\u2026<\/strong><\/p>\n\n\n\n<p class=\"has-text-align-center has-vivid-cyan-blue-color has-text-color\" style=\"font-size:18px\"><strong>Ka\u017ed\u00e1 Va\u0161a svadba je jedine\u010dn\u00e1 a preto sa v\u017edy prisp\u00f4sobujem Va\u0161im po\u017eiadavk\u00e1m. Mojou prioritou je skvel\u00e1 z\u00e1bava ako aj atmosf\u00e9ra po\u010das cel\u00e9ho svadobn\u00e9ho programu. M\u00e1m vypracovan\u00e9 tzv. pravidl\u00e1 svadobnej sl\u00e1vnosti, kde s\u00fa uveden\u00e9 v\u0161etky kroky svadobn\u00e9ho programu, v\u0161etky zvyky, trad\u00edcie, svadobn\u00e9 hry, s\u00fa\u0165a\u017ee, kv\u00edzy a pod. V\u0161etko V\u00e1m podrobne vysvetl\u00edm a Vy si vyberiete \u010do budeme robi\u0165 na Va\u0161ej svadbe.<\/strong><\/p>\n\n\n\n<p class=\"has-text-align-center has-white-color has-black-background-color has-text-color has-background\" style=\"font-size:27px\"><strong>VA\u0160A SVADBA PRE M\u0147A ZNAMEN\u00c1 20 HOD\u00cdN MOJEJ PR\u00c1CE &amp; CHCEM, ABY TO NAOZAJ ST\u00c1LO ZA TO !<\/strong><\/p>\n\n\n\n<p class=\"has-text-align-center\" style=\"font-size:17px\"><strong>Odpytovanie nevesty, ozvu\u010denie a koordin\u00e1cia na svadobnom obrade a kompletn\u00e9 vedenie svadobnej sl\u00e1vnosti s moderovan\u00edm a uv\u00e1dzan\u00edm, v\u0161etky trad\u00edcie a zvyklosti od pr\u00edchodu mladoman\u017eelov pred olt\u00e1r a\u017e po za\u010dep\u010denie nevesty v mojej \u00falohe ako starej\u0161ieho a samotn\u00e1 hudobn\u00e1 produkcia ako d\u00edd\u017eeja s bohat\u00fdm hudobn\u00fdm arch\u00edvom so \u0161pi\u010dkovou technikou a moder\u00e1tora v spojen\u00ed technick\u00e9ho zabezpe\u010denia cez nasvietenie svadobnej miestnosti s modern\u00fdmi LED PAR rgbwa-uv vr\u00e1tane kompletnej zvukovej &amp; svetelnej techniky &amp; atrakci\u00ed s\u00fa v\u0161etky potrebn\u00e9 slu\u017eby ktor\u00e9 nesm\u00fa ch\u00fdba\u0165 na svadbe.<\/strong><\/p>\n\n\n\n<p class=\"has-text-align-center has-medium-font-size\"><strong>. Te\u0161\u00edm sa na spolupr\u00e1cu.<\/strong> <strong> <\/strong><\/p>\n\n\n\n<p class=\"has-text-align-center\" style=\"font-size:23px\"><strong><span class=\"has-inline-color has-vivid-red-color\">S \u00factou  Peter Kubi\u0161<\/span><\/strong><\/p>\n","protected":false},"excerpt":{"rendered":"<div class=\"mh-excerpt\"><p>V\u00e1\u017een\u00ed z\u00e1kazn\u00edci, mil\u00ed priatelia moje meno je Peter Kubi\u0161 a svoju pr\u00e1cu sa sna\u017e\u00edm robi\u0165 s maxim\u00e1lnou rados\u0165ou a ochotou pre V\u00e1s. Venujem sa kompletn\u00e9mu <a class=\"mh-excerpt-more\" href=\"https:\/\/www.starejsiadjnasvadbu.sk\/?page_id=6\" title=\"O MNE\">[&#8230;]<\/a><\/p>\n<\/div>","protected":false},"author":1,"featured_media":0,"parent":0,"menu_order":0,"comment_status":"closed","ping_status":"closed","template":"","meta":{"_monsterinsights_skip_tracking":false,"_monsterinsights_sitenote_active":false,"_monsterinsights_sitenote_note":"","_monsterinsights_sitenote_category":0,"footnotes":""},"class_list":["post-6","page","type-page","status-publish","hentry"],"_links":{"self":[{"href":"https:\/\/www.starejsiadjnasvadbu.sk\/index.php?rest_route=\/wp\/v2\/pages\/6","targetHints":{"allow":["GET"]}}],"collection":[{"href":"https:\/\/www.starejsiadjnasvadbu.sk\/index.php?rest_route=\/wp\/v2\/pages"}],"about":[{"href":"https:\/\/www.starejsiadjnasvadbu.sk\/index.php?rest_route=\/wp\/v2\/types\/page"}],"author":[{"embeddable":true,"href":"https:\/\/www.starejsiadjnasvadbu.sk\/index.php?rest_route=\/wp\/v2\/users\/1"}],"replies":[{"embeddable":true,"href":"https:\/\/www.starejsiadjnasvadbu.sk\/index.php?rest_route=%2Fwp%2Fv2%2Fcomments&post=6"}],"version-history":[{"count":5,"href":"https:\/\/www.starejsiadjnasvadbu.sk\/index.php?rest_route=\/wp\/v2\/pages\/6\/revisions"}],"predecessor-version":[{"id":1233,"href":"https:\/\/www.starejsiadjnasvadbu.sk\/index.php?rest_route=\/wp\/v2\/pages\/6\/revisions\/1233"}],"wp:attachment":[{"href":"https:\/\/www.starejsiadjnasvadbu.sk\/index.php?rest_route=%2Fwp%2Fv2%2Fmedia&parent=6"}],"curies":[{"name":"wp","href":"https:\/\/api.w.org\/{rel}","templated":true}]}}